{"id":63,"date":"2024-01-15T16:45:25","date_gmt":"2024-01-15T15:45:25","guid":{"rendered":"https:\/\/www.garciaeletricidade.com\/?page_id=63"},"modified":"2024-10-17T20:19:47","modified_gmt":"2024-10-17T19:19:47","slug":"contacte-nos","status":"publish","type":"page","link":"https:\/\/www.garciaeletricidade.com\/?page_id=63","title":{"rendered":"Contacte-nos"},"content":{"rendered":"<h2 class=\"wp-block-heading\">Ant\u00f3nio Garcia &#8211; Eletricidade Unipessoal, Lda<\/h2><div class=\"forminator-ui forminator-custom-form forminator-custom-form-1914 forminator-design--default  forminator_ajax\" data-forminator-render=\"0\" data-form=\"forminator-module-1914\" data-uid=\"6a09b8e3dd09b\"><br\/><\/div><form\n\t\t\t\tid=\"forminator-module-1914\"\n\t\t\t\tclass=\"forminator-ui forminator-custom-form forminator-custom-form-1914 forminator-design--default  forminator_ajax\"\n\t\t\t\tmethod=\"post\"\n\t\t\t\tdata-forminator-render=\"0\"\n\t\t\t\tdata-form-id=\"1914\"\n\t\t\t\t\n\t\t\t\tdata-design=\"default\"\n\t\t\t\t\n\t\t\t\t\n\t\t\t\t\n\t\t\t\tdata-grid=\"open\"\n\t\t\t\t\n\t\t\t\t\n\t\t\t\tstyle=\"display: none;\"\n\t\t\t\t\n\t\t\t\tdata-uid=\"6a09b8e3dd09b\"\n\t\t\t><div role=\"alert\" aria-live=\"polite\" class=\"forminator-response-message forminator-error\" aria-hidden=\"true\"><\/div><div class=\"forminator-row\"><div id=\"name-1\" class=\"forminator-field-name forminator-col forminator-col-12 \"><div class=\"forminator-field\"><label for=\"forminator-field-name-1_6a09b8e3dd09b\" id=\"forminator-field-name-1_6a09b8e3dd09b-label\" class=\"forminator-label\">Nome <span class=\"forminator-required\">*<\/span><\/label><input type=\"text\" name=\"name-1\" value=\"\" placeholder=\"\" id=\"forminator-field-name-1_6a09b8e3dd09b\" class=\"forminator-input forminator-name--field\" aria-required=\"true\" \/><\/div><\/div><\/div><div class=\"forminator-row\"><div id=\"email-1\" class=\"forminator-field-email forminator-col forminator-col-12 \"><div class=\"forminator-field\"><label for=\"forminator-field-email-1_6a09b8e3dd09b\" id=\"forminator-field-email-1_6a09b8e3dd09b-label\" class=\"forminator-label\">Email <span class=\"forminator-required\">*<\/span><\/label><input type=\"email\" name=\"email-1\" value=\"\" placeholder=\"\" id=\"forminator-field-email-1_6a09b8e3dd09b\" class=\"forminator-input forminator-email--field\" data-required=\"true\" aria-required=\"true\" \/><\/div><\/div><\/div><div class=\"forminator-row\"><div id=\"textarea-1\" class=\"forminator-field-textarea forminator-col forminator-col-12 \"><div class=\"forminator-field\"><label for=\"forminator-field-textarea-1_6a09b8e3dd09b\" id=\"forminator-field-textarea-1_6a09b8e3dd09b-label\" class=\"forminator-label\">A sua mensagem<\/label><textarea name=\"textarea-1\" placeholder=\"\" id=\"forminator-field-textarea-1_6a09b8e3dd09b\" class=\"forminator-textarea\" rows=\"6\" style=\"min-height:140px;\" maxlength=\"180\" ><\/textarea><span id=\"forminator-field-textarea-1_6a09b8e3dd09b-description\" class=\"forminator-description\"><span data-limit=\"180\" data-type=\"characters\" data-editor=\"\">0 \/ 180<\/span><\/span><\/div><\/div><\/div><div class=\"forminator-row\"><div id=\"consent-1\" class=\"forminator-field-consent forminator-col forminator-col-12 \"><div class=\"forminator-field\"><div class=\"forminator-checkbox__wrapper\"><label for=\"forminator-field-consent-1_6a09b8e3dd09b\" id=\"forminator-field-consent-1_6a09b8e3dd09b__label\" class=\"forminator-checkbox forminator-consent\" style=\"margin: 0;\"><input type=\"checkbox\" name=\"consent-1\" id=\"forminator-field-consent-1_6a09b8e3dd09b\" value=\"checked\" aria-labelledby=\"forminator-field-consent-1_6a09b8e3dd09b-label\" aria-describedby=\"forminator-field-consent-1_6a09b8e3dd09b__description\" data-required=\"true\" aria-required=\"true\" \/><span class=\"forminator-checkbox-box\" aria-hidden=\"true\"><\/span><\/label><div id=\"forminator-field-consent-1_6a09b8e3dd09b__description\" class=\"forminator-checkbox__label forminator-consent__label\"><div class=\"ff-el-group    ff-el-input--content\">\n<div class=\"ff-el-form-check ff-el-tc\"><label aria-label=\"terms &amp; conditions\" for=\"gdpr-agreement_e5938747c5443f9a5ce410448497802b\" class=\"ff-el-form-check-label ff_tc_label\"><label aria-label=\"terms &amp; conditions\" for=\"gdpr-agreement_e5938747c5443f9a5ce410448497802b\" class=\"ff-el-form-check-label ff_tc_label\"><\/label><\/label> Li e aceito os <a href=\"https:\/\/www.garciaeletricidade.com\/?page_id=173\">Termos e Condi\u00e7\u00f5es<\/a> e a <a href=\"https:\/\/www.garciaeletricidade.com\/?page_id=3\">Pol\u00edtica de Privacidade<\/a>.<\/div>\n<\/div>\n<p>&nbsp;<\/p><\/div><\/div><\/div><\/div><\/div><div class=\"forminator-row\"><div id=\"consent-2\" class=\"forminator-field-consent forminator-col forminator-col-12 \"><div class=\"forminator-field\"><div class=\"forminator-checkbox__wrapper\"><label for=\"forminator-field-consent-2_6a09b8e3dd09b\" id=\"forminator-field-consent-2_6a09b8e3dd09b__label\" class=\"forminator-checkbox forminator-consent\" style=\"margin: 0;\"><input type=\"checkbox\" name=\"consent-2\" id=\"forminator-field-consent-2_6a09b8e3dd09b\" value=\"checked\" aria-labelledby=\"forminator-field-consent-2_6a09b8e3dd09b-label\" aria-describedby=\"forminator-field-consent-2_6a09b8e3dd09b__description\" data-required=\"true\" aria-required=\"true\" \/><span class=\"forminator-checkbox-box\" aria-hidden=\"true\"><\/span><\/label><div id=\"forminator-field-consent-2_6a09b8e3dd09b__description\" class=\"forminator-checkbox__label forminator-consent__label\"><p>Eu concordo que este site armazene as minhas informa\u00e7\u00f5es enviadas para que possam responder \u00e0 minha pergunta.<\/p><\/div><\/div><\/div><\/div><\/div><div class=\"forminator-row\"><div id=\"consent-3\" class=\"forminator-field-consent forminator-col forminator-col-12 \"><div class=\"forminator-field\"><div class=\"forminator-checkbox__wrapper\"><label for=\"forminator-field-consent-3_6a09b8e3dd09b\" id=\"forminator-field-consent-3_6a09b8e3dd09b__label\" class=\"forminator-checkbox forminator-consent\" style=\"margin: 0;\"><input type=\"checkbox\" name=\"consent-3\" id=\"forminator-field-consent-3_6a09b8e3dd09b\" value=\"checked\" aria-labelledby=\"forminator-field-consent-3_6a09b8e3dd09b-label\" aria-describedby=\"forminator-field-consent-3_6a09b8e3dd09b__description\" data-required=\"false\" aria-required=\"false\" \/><span class=\"forminator-checkbox-box\" aria-hidden=\"true\"><\/span><\/label><div id=\"forminator-field-consent-3_6a09b8e3dd09b__description\" class=\"forminator-checkbox__label forminator-consent__label\"><p>Autorizo que usem os meus dados para efeitos de comunica\u00e7\u00e3o institucional, comunica\u00e7\u00f5es de marketing, quer seja atrav\u00e9s de Email, Telefone e SMS.<\/p><\/div><\/div><\/div><\/div><\/div><input type=\"hidden\" name=\"referer_url\" value=\"\" \/><div class=\"forminator-row forminator-row-last\"><div class=\"forminator-col\"><div class=\"forminator-field\"><button class=\"forminator-button forminator-button-submit\">submeter<\/button><\/div><\/div><\/div><input type=\"hidden\" id=\"forminator_nonce\" name=\"forminator_nonce\" value=\"5acf798516\" \/><input type=\"hidden\" name=\"_wp_http_referer\" value=\"\/index.php?rest_route=%2Fwp%2Fv2%2Fpages%2F63\" \/><input type=\"hidden\" name=\"form_id\" value=\"1914\"><input type=\"hidden\" name=\"page_id\" value=\"63\"><input type=\"hidden\" name=\"form_type\" value=\"default\"><input type=\"hidden\" name=\"current_url\" value=\"https:\/\/www.garciaeletricidade.com\/?page_id=63\"><input type=\"hidden\" name=\"render_id\" value=\"0\"><input type=\"hidden\" name=\"action\" value=\"forminator_submit_form_custom-forms\"><label for=\"input_7\" class=\"forminator-hidden\" aria-hidden=\"true\">Please do not fill in this field. <input id=\"input_7\" type=\"text\" name=\"input_7\" value=\"\" autocomplete=\"off\"><\/label><\/form><p>Rua dos Bombeiros de Set\u00fabal N\u00ba 47 A<br \/>2910-112 Set\u00fabal<br \/>Tel. +351 265 281 653 (chamada para a rede fixa nacional) <br \/>Tlmv. +351 964 642 358 (chamada para a rede m\u00f3vel nacional)<br \/>E-mail: loja@garciaeletricidade.com<\/p><p><\/p><p><\/p>","protected":false},"excerpt":{"rendered":"<p>Ant\u00f3nio Garcia &#8211; Eletricidade Unipessoal, Lda Rua dos Bombeiros de Set\u00fabal N\u00ba 47 A2910-112 Set\u00fabalTel. +351 265 281 653 (chamada para a rede fixa nacional) Tlmv. +351 964 642 358 (chamada para a rede m\u00f3vel nacional)E-mail: loja@garciaeletricidade.com<\/p>\n","protected":false},"author":1,"featured_media":0,"parent":0,"menu_order":0,"comment_status":"closed","ping_status":"closed","template":"","meta":{"footnotes":""},"class_list":["post-63","page","type-page","status-publish","hentry"],"_links":{"self":[{"href":"https:\/\/www.garciaeletricidade.com\/index.php?rest_route=\/wp\/v2\/pages\/63","targetHints":{"allow":["GET"]}}],"collection":[{"href":"https:\/\/www.garciaeletricidade.com\/index.php?rest_route=\/wp\/v2\/pages"}],"about":[{"href":"https:\/\/www.garciaeletricidade.com\/index.php?rest_route=\/wp\/v2\/types\/page"}],"author":[{"embeddable":true,"href":"https:\/\/www.garciaeletricidade.com\/index.php?rest_route=\/wp\/v2\/users\/1"}],"replies":[{"embeddable":true,"href":"https:\/\/www.garciaeletricidade.com\/index.php?rest_route=%2Fwp%2Fv2%2Fcomments&post=63"}],"version-history":[{"count":9,"href":"https:\/\/www.garciaeletricidade.com\/index.php?rest_route=\/wp\/v2\/pages\/63\/revisions"}],"predecessor-version":[{"id":1918,"href":"https:\/\/www.garciaeletricidade.com\/index.php?rest_route=\/wp\/v2\/pages\/63\/revisions\/1918"}],"wp:attachment":[{"href":"https:\/\/www.garciaeletricidade.com\/index.php?rest_route=%2Fwp%2Fv2%2Fmedia&parent=63"}],"curies":[{"name":"wp","href":"https:\/\/api.w.org\/{rel}","templated":true}]}}