{"id":3,"date":"2023-07-12T16:40:17","date_gmt":"2023-07-12T16:40:17","guid":{"rendered":"https:\/\/www.garciaeletricidade.com\/?page_id=3"},"modified":"2024-10-22T22:46:25","modified_gmt":"2024-10-22T21:46:25","slug":"privacy-policy","status":"publish","type":"page","link":"https:\/\/www.garciaeletricidade.com\/?page_id=3","title":{"rendered":"Pol\u00edtica de Privacidade"},"content":{"rendered":"<h1 class=\"wp-block-heading\"><\/h1><p>Respeitamos a sua privacidade e agradecemos a confian\u00e7a que deposita em n\u00f3s. Nesta Pol\u00edtica de Privacidade explicamos quem somos, para que finalidades podemos usar os seus dados, como os tratamos, com quem os partilhamos, durante quanto tempo os conservamos, bem como as formas de entrar em contacto connosco e de exercer os seus direitos.<br>Os seus dados ser\u00e3o tratados por ANT\u00d3NIO GARCIA &#8211; ELETRICIDADE UNIPESSOAL LDA, NIF 515407216, com sede em Rua dos Bombeiros de Set\u00fabal 43 1\u00ba A, 2910-112 SET\u00daBAL, doravante \u201cn\u00f3s\u201d. Esta sociedade \u00e9 a respons\u00e1vel pelo tratamento de dados pessoais no cumprimento do Regulamento Geral sobre a Prote\u00e7\u00e3o de Dados.<br>Para as quest\u00f5es relacionadas com o tratamento dos seus dados pessoais dever\u00e1 contactar-nos atrav\u00e9s do seguinte email: loja@garciaeletricidade.com.<\/p><p><strong>Porque precisamos da sua informa\u00e7\u00e3o?<\/strong><br>N\u00f3s trataremos os seus dados pessoais com as finalidades de gest\u00e3o de clientes e marketing.<br>A informa\u00e7\u00e3o que nos disponibiliza destina-se apenas a prestar-lhe um servi\u00e7o mais adequado \u00e0s suas caracter\u00edsticas e necessidades. Como tal, e para efeitos de entrega de encomendas e contactos do Apoio ao Cliente, desde j\u00e1 informamos que os seus dados de contacto e morada ser\u00e3o transmitidos \u00e0s empresas transportadoras e a prestadores de servi\u00e7os subcontratados para a realiza\u00e7\u00e3o dos servi\u00e7os contratados pelos seus clientes.<br>Trataremos os seus dados para lhe enviar informa\u00e7\u00f5es sobre produtos e servi\u00e7os.<br>Este tratamento de dados ser\u00e1 realizado apenas com o seu consentimento, prestado no momento de registo. Caso consinta, receber\u00e1 comunica\u00e7\u00f5es de marketing atrav\u00e9s de e-mail, telefone ou SMS.<\/p><p>O consentimento para o tratamento de dados pessoais para efeitos de marketing direto pode ser revogado em qualquer altura.<br>Os seus dados ser\u00e3o conservados at\u00e9 que pretenda a sua elimina\u00e7\u00e3o.<\/p><p><\/p>","protected":false},"excerpt":{"rendered":"<p>Respeitamos a sua privacidade e agradecemos a confian\u00e7a que deposita em n\u00f3s. Nesta Pol\u00edtica de Privacidade explicamos quem somos, para que finalidades podemos usar os seus dados, como os tratamos, com quem os partilhamos, durante quanto tempo os conservamos, bem como as formas de entrar em contacto connosco e de exercer os seus direitos.Os seus [&hellip;]<\/p>\n","protected":false},"author":1,"featured_media":0,"parent":0,"menu_order":0,"comment_status":"closed","ping_status":"open","template":"","meta":{"footnotes":""},"class_list":["post-3","page","type-page","status-publish","hentry"],"_links":{"self":[{"href":"https:\/\/www.garciaeletricidade.com\/index.php?rest_route=\/wp\/v2\/pages\/3","targetHints":{"allow":["GET"]}}],"collection":[{"href":"https:\/\/www.garciaeletricidade.com\/index.php?rest_route=\/wp\/v2\/pages"}],"about":[{"href":"https:\/\/www.garciaeletricidade.com\/index.php?rest_route=\/wp\/v2\/types\/page"}],"author":[{"embeddable":true,"href":"https:\/\/www.garciaeletricidade.com\/index.php?rest_route=\/wp\/v2\/users\/1"}],"replies":[{"embeddable":true,"href":"https:\/\/www.garciaeletricidade.com\/index.php?rest_route=%2Fwp%2Fv2%2Fcomments&post=3"}],"version-history":[{"count":5,"href":"https:\/\/www.garciaeletricidade.com\/index.php?rest_route=\/wp\/v2\/pages\/3\/revisions"}],"predecessor-version":[{"id":1943,"href":"https:\/\/www.garciaeletricidade.com\/index.php?rest_route=\/wp\/v2\/pages\/3\/revisions\/1943"}],"wp:attachment":[{"href":"https:\/\/www.garciaeletricidade.com\/index.php?rest_route=%2Fwp%2Fv2%2Fmedia&parent=3"}],"curies":[{"name":"wp","href":"https:\/\/api.w.org\/{rel}","templated":true}]}}