{"id":21,"date":"2023-11-16T10:34:59","date_gmt":"2023-11-16T09:34:59","guid":{"rendered":"https:\/\/www.garciaeletricidade.com\/?page_id=21"},"modified":"2024-07-16T15:57:31","modified_gmt":"2024-07-16T14:57:31","slug":"home","status":"publish","type":"page","link":"https:\/\/www.garciaeletricidade.com\/","title":{"rendered":"Home"},"content":{"rendered":"\t\t<div data-elementor-type=\"wp-page\" data-elementor-id=\"21\" class=\"elementor elementor-21\">\n\t\t\t\t<div class=\"elementor-element elementor-element-71b99ed8 e-flex e-con-boxed e-con e-parent\" data-id=\"71b99ed8\" data-element_type=\"container\">\n\t\t\t\t\t<div class=\"e-con-inner\">\n\t\t\t\t<div class=\"elementor-element elementor-element-4b9b682e elementor-drop-cap-yes elementor-drop-cap-view-default elementor-widget elementor-widget-text-editor\" data-id=\"4b9b682e\" data-element_type=\"widget\" data-settings=\"{&quot;drop_cap&quot;:&quot;yes&quot;}\" data-widget_type=\"text-editor.default\">\n\t\t\t\t<div class=\"elementor-widget-container\">\n\t\t\t\t\t\t\t<p><!-- wp:paragraph --><\/p>\n<p><strong>Servi\u00e7os<\/strong><br>&#8211; Com\u00e9rcio de material el\u00e9trico e ilumina\u00e7\u00e3o <br>&#8211; Instala\u00e7\u00f5es el\u00e9tricas<br>&#8211; Repara\u00e7\u00f5es el\u00e9tricas<\/p>\n<p><!-- \/wp:paragraph --><!-- wp:paragraph --><\/p>\n<p><strong>Loja F\u00edsica<\/strong><br>&#8211; Com\u00e9rcio de material el\u00e9trico e ilumina\u00e7\u00e3o<\/p>\n<p><!-- \/wp:paragraph --><!-- wp:columns --><\/p>\n<div class=\"wp-block-columns\">\n<p><!-- wp:column {\"width\":\"66.66%\"} --><\/p>\n<div class=\"wp-block-column\" style=\"flex-basis: 66.66%;\">\n<p><!-- wp:image {\"id\":15,\"sizeSlug\":\"large\",\"linkDestination\":\"none\"} --><\/p>\n<figure class=\"wp-block-image size-large\"><\/figure>\n<p><!-- \/wp:image --><\/p>\n<\/div>\n<p><!-- \/wp:column --><!-- wp:column {\"width\":\"33.33%\"} --><\/p>\n<div class=\"wp-block-column\" style=\"flex-basis: 33.33%;\">&nbsp;<\/div>\n<p><!-- \/wp:column --><\/p>\n<\/div>\n<p><!-- \/wp:columns --><\/p>\t\t\t\t\t\t<\/div>\n\t\t\t\t<\/div>\n\t\t\t\t\t<\/div>\n\t\t\t\t<\/div>\n\t\t<div class=\"elementor-element elementor-element-f450f08 e-flex e-con-boxed e-con e-parent\" data-id=\"f450f08\" data-element_type=\"container\">\n\t\t\t\t\t<div class=\"e-con-inner\">\n\t\t\t\t<div class=\"elementor-element elementor-element-a45111a elementor-widget elementor-widget-image\" data-id=\"a45111a\" data-element_type=\"widget\" data-widget_type=\"image.default\">\n\t\t\t\t<div class=\"elementor-widget-container\">\n\t\t\t\t\t\t\t\t\t\t\t\t\t<img fetchpriority=\"high\" decoding=\"async\" width=\"600\" height=\"731\" src=\"https:\/\/www.garciaeletricidade.com\/wp-content\/uploads\/2023\/11\/7-scaled-600x731.jpeg\" class=\"attachment-woocommerce_single size-woocommerce_single wp-image-15\" alt=\"\" srcset=\"https:\/\/www.garciaeletricidade.com\/wp-content\/uploads\/2023\/11\/7-scaled-600x731.jpeg 600w, https:\/\/www.garciaeletricidade.com\/wp-content\/uploads\/2023\/11\/7-246x300.jpeg 246w, https:\/\/www.garciaeletricidade.com\/wp-content\/uploads\/2023\/11\/7-841x1024.jpeg 841w, https:\/\/www.garciaeletricidade.com\/wp-content\/uploads\/2023\/11\/7-768x935.jpeg 768w, https:\/\/www.garciaeletricidade.com\/wp-content\/uploads\/2023\/11\/7-1261x1536.jpeg 1261w, https:\/\/www.garciaeletricidade.com\/wp-content\/uploads\/2023\/11\/7-1682x2048.jpeg 1682w\" sizes=\"(max-width: 600px) 100vw, 600px\" \/>\t\t\t\t\t\t\t\t\t\t\t\t\t<\/div>\n\t\t\t\t<\/div>\n\t\t\t\t\t<\/div>\n\t\t\t\t<\/div>\n\t\t\t\t<\/div>\n\t\t","protected":false},"excerpt":{"rendered":"<p>Servi\u00e7os&#8211; Com\u00e9rcio de material el\u00e9trico e ilumina\u00e7\u00e3o &#8211; Instala\u00e7\u00f5es el\u00e9tricas&#8211; Repara\u00e7\u00f5es el\u00e9tricas Loja F\u00edsica&#8211; Com\u00e9rcio de material el\u00e9trico e ilumina\u00e7\u00e3o &nbsp;<\/p>\n","protected":false},"author":1,"featured_media":0,"parent":0,"menu_order":0,"comment_status":"closed","ping_status":"closed","template":"","meta":{"footnotes":""},"class_list":["post-21","page","type-page","status-publish","hentry"],"_links":{"self":[{"href":"https:\/\/www.garciaeletricidade.com\/index.php?rest_route=\/wp\/v2\/pages\/21","targetHints":{"allow":["GET"]}}],"collection":[{"href":"https:\/\/www.garciaeletricidade.com\/index.php?rest_route=\/wp\/v2\/pages"}],"about":[{"href":"https:\/\/www.garciaeletricidade.com\/index.php?rest_route=\/wp\/v2\/types\/page"}],"author":[{"embeddable":true,"href":"https:\/\/www.garciaeletricidade.com\/index.php?rest_route=\/wp\/v2\/users\/1"}],"replies":[{"embeddable":true,"href":"https:\/\/www.garciaeletricidade.com\/index.php?rest_route=%2Fwp%2Fv2%2Fcomments&post=21"}],"version-history":[{"count":20,"href":"https:\/\/www.garciaeletricidade.com\/index.php?rest_route=\/wp\/v2\/pages\/21\/revisions"}],"predecessor-version":[{"id":1710,"href":"https:\/\/www.garciaeletricidade.com\/index.php?rest_route=\/wp\/v2\/pages\/21\/revisions\/1710"}],"wp:attachment":[{"href":"https:\/\/www.garciaeletricidade.com\/index.php?rest_route=%2Fwp%2Fv2%2Fmedia&parent=21"}],"curies":[{"name":"wp","href":"https:\/\/api.w.org\/{rel}","templated":true}]}}